{"id":3634,"date":"2021-12-17T12:24:21","date_gmt":"2021-12-17T09:24:21","guid":{"rendered":"https:\/\/plastexim.md\/?page_id=3634"},"modified":"2024-06-07T11:35:09","modified_gmt":"2024-06-07T08:35:09","slug":"fatade-si-vitralii","status":"publish","type":"page","link":"https:\/\/plastexim.md\/ro\/produse-din-pvc\/fatade-si-vitralii\/","title":{"rendered":"Fa\u021bade si vitralii"},"content":{"rendered":"\t\t<div data-elementor-type=\"wp-page\" data-elementor-id=\"3634\" class=\"elementor elementor-3634\">\n\t\t\t\t\t\t<section class=\"elementor-section elementor-top-section elementor-element elementor-element-64d36e9 elementor-section-full_width elementor-section-height-default elementor-section-height-default\" data-id=\"64d36e9\" data-element_type=\"section\" data-e-type=\"section\" data-settings=\"{&quot;background_background&quot;:&quot;classic&quot;}\">\n\t\t\t\t\t\t\t<div class=\"elementor-background-overlay\"><\/div>\n\t\t\t\t\t\t\t<div class=\"elementor-container elementor-column-gap-default\">\n\t\t\t\t\t<div class=\"elementor-column elementor-col-100 elementor-top-column elementor-element elementor-element-a2e04ba\" data-id=\"a2e04ba\" data-element_type=\"column\" data-e-type=\"column\">\n\t\t\t<div class=\"elementor-widget-wrap elementor-element-populated\">\n\t\t\t\t\t\t<div class=\"elementor-element elementor-element-0930a79 elementor-widget elementor-widget-heading\" data-id=\"0930a79\" data-element_type=\"widget\" data-e-type=\"widget\" data-widget_type=\"heading.default\">\n\t\t\t\t<div class=\"elementor-widget-container\">\n\t\t\t\t\t<h1 class=\"elementor-heading-title elementor-size-default\">FASADE SI VITRALII<\/h1>\t\t\t\t<\/div>\n\t\t\t\t<\/div>\n\t\t\t\t<div class=\"elementor-element elementor-element-1774717 elementor-widget elementor-widget-text-editor\" data-id=\"1774717\" data-element_type=\"widget\" data-e-type=\"widget\" data-widget_type=\"text-editor.default\">\n\t\t\t\t<div class=\"elementor-widget-container\">\n\t\t\t\t\t\t\t\t\t<p>Geamuri de fa\u021bad\u0103 &#8211; ast\u0103zi este una dintre metodele moderne de vitrare, care v\u0103 permite s\u0103 \u00eembun\u0103t\u0103\u021bi\u021bi iluminarea interiorului unei cl\u0103diri, precum \u0219i s\u0103 \u00eei preda\u021bi un aspect modern. Cu ajutorul sistemelor de fa\u021bad\u0103, pute\u021bi proiecta o vitrin\u0103 extern\u0103 sau pur \u0219i simplu pute\u021bi \u00eenlocui sec\u021biunile incomode \u0219i masive ale ferestrelor din plastic cu un design mai durabil \u0219i mai elegant. Tehnologiile \u0219i materialele avansate folosite pentru produc\u021bia fa\u021badelor \u0219i vitraliilor ofer\u0103 posibilit\u0103\u021bi de proiectare aproape nelimitate.<\/p>\t\t\t\t\t\t\t\t<\/div>\n\t\t\t\t<\/div>\n\t\t\t\t\t<\/div>\n\t\t<\/div>\n\t\t\t\t\t<\/div>\n\t\t<\/section>\n\t\t\t\t<section class=\"elementor-section elementor-top-section elementor-element elementor-element-1e603a31 elementor-section-boxed elementor-section-height-default elementor-section-height-default\" data-id=\"1e603a31\" data-element_type=\"section\" data-e-type=\"section\">\n\t\t\t\t\t\t<div class=\"elementor-container elementor-column-gap-default\">\n\t\t\t\t\t<div class=\"elementor-column elementor-col-100 elementor-top-column elementor-element elementor-element-57a1ed1a\" data-id=\"57a1ed1a\" data-element_type=\"column\" data-e-type=\"column\">\n\t\t\t<div class=\"elementor-widget-wrap\">\n\t\t\t\t\t\t\t<\/div>\n\t\t<\/div>\n\t\t\t\t\t<\/div>\n\t\t<\/section>\n\t\t\t\t<section class=\"elementor-section elementor-top-section elementor-element elementor-element-92a1368 elementor-section-boxed elementor-section-height-default elementor-section-height-default\" data-id=\"92a1368\" data-element_type=\"section\" data-e-type=\"section\">\n\t\t\t\t\t\t<div class=\"elementor-container elementor-column-gap-default\">\n\t\t\t\t\t<div class=\"elementor-column elementor-col-25 elementor-top-column elementor-element elementor-element-dcd8322\" data-id=\"dcd8322\" data-element_type=\"column\" data-e-type=\"column\">\n\t\t\t<div class=\"elementor-widget-wrap elementor-element-populated\">\n\t\t\t\t\t\t<div class=\"elementor-element elementor-element-90a747b elementor-position-left elementor-vertical-align-middle elementor-widget elementor-widget-image-box\" data-id=\"90a747b\" data-element_type=\"widget\" data-e-type=\"widget\" data-widget_type=\"image-box.default\">\n\t\t\t\t<div class=\"elementor-widget-container\">\n\t\t\t\t\t<div class=\"elementor-image-box-wrapper\"><figure class=\"elementor-image-box-img\"><img fetchpriority=\"high\" decoding=\"async\" width=\"500\" height=\"500\" src=\"https:\/\/plastexim.md\/wp-content\/uploads\/2021\/10\/size.png\" class=\"attachment-full size-full wp-image-2462\" alt=\"\" srcset=\"https:\/\/plastexim.md\/wp-content\/uploads\/2021\/10\/size.png 500w, https:\/\/plastexim.md\/wp-content\/uploads\/2021\/10\/size-300x300.png 300w, https:\/\/plastexim.md\/wp-content\/uploads\/2021\/10\/size-150x150.png 150w, https:\/\/plastexim.md\/wp-content\/uploads\/2021\/10\/size-230x230.png 230w, https:\/\/plastexim.md\/wp-content\/uploads\/2021\/10\/size-400x400.png 400w\" sizes=\"(max-width: 500px) 100vw, 500px\" \/><\/figure><div class=\"elementor-image-box-content\"><div class=\"elementor-image-box-title\">Masurare gratuita<\/div><\/div><\/div>\t\t\t\t<\/div>\n\t\t\t\t<\/div>\n\t\t\t\t\t<\/div>\n\t\t<\/div>\n\t\t\t\t<div class=\"elementor-column elementor-col-25 elementor-top-column elementor-element elementor-element-68a86e4\" data-id=\"68a86e4\" data-element_type=\"column\" data-e-type=\"column\">\n\t\t\t<div class=\"elementor-widget-wrap elementor-element-populated\">\n\t\t\t\t\t\t<div class=\"elementor-element elementor-element-30bcbb9 elementor-position-left elementor-vertical-align-middle elementor-widget elementor-widget-image-box\" data-id=\"30bcbb9\" data-element_type=\"widget\" data-e-type=\"widget\" data-widget_type=\"image-box.default\">\n\t\t\t\t<div class=\"elementor-widget-container\">\n\t\t\t\t\t<div class=\"elementor-image-box-wrapper\"><figure class=\"elementor-image-box-img\"><img decoding=\"async\" width=\"512\" height=\"512\" src=\"https:\/\/plastexim.md\/wp-content\/uploads\/2021\/10\/delivery.png\" class=\"attachment-full size-full wp-image-2459\" alt=\"\" srcset=\"https:\/\/plastexim.md\/wp-content\/uploads\/2021\/10\/delivery.png 512w, https:\/\/plastexim.md\/wp-content\/uploads\/2021\/10\/delivery-300x300.png 300w, https:\/\/plastexim.md\/wp-content\/uploads\/2021\/10\/delivery-150x150.png 150w, https:\/\/plastexim.md\/wp-content\/uploads\/2021\/10\/delivery-230x230.png 230w, https:\/\/plastexim.md\/wp-content\/uploads\/2021\/10\/delivery-400x400.png 400w\" sizes=\"(max-width: 512px) 100vw, 512px\" \/><\/figure><div class=\"elementor-image-box-content\"><div class=\"elementor-image-box-title\">Garantie la livrare<\/div><\/div><\/div>\t\t\t\t<\/div>\n\t\t\t\t<\/div>\n\t\t\t\t\t<\/div>\n\t\t<\/div>\n\t\t\t\t<div class=\"elementor-column elementor-col-25 elementor-top-column elementor-element elementor-element-07684ab\" data-id=\"07684ab\" data-element_type=\"column\" data-e-type=\"column\">\n\t\t\t<div class=\"elementor-widget-wrap elementor-element-populated\">\n\t\t\t\t\t\t<div class=\"elementor-element elementor-element-f4518f8 elementor-position-left elementor-vertical-align-middle elementor-widget elementor-widget-image-box\" data-id=\"f4518f8\" data-element_type=\"widget\" data-e-type=\"widget\" data-widget_type=\"image-box.default\">\n\t\t\t\t<div class=\"elementor-widget-container\">\n\t\t\t\t\t<div class=\"elementor-image-box-wrapper\"><figure class=\"elementor-image-box-img\"><img decoding=\"async\" width=\"512\" height=\"512\" src=\"https:\/\/plastexim.md\/wp-content\/uploads\/2021\/10\/92040-1.png\" class=\"attachment-full size-full wp-image-2458\" alt=\"\" srcset=\"https:\/\/plastexim.md\/wp-content\/uploads\/2021\/10\/92040-1.png 512w, https:\/\/plastexim.md\/wp-content\/uploads\/2021\/10\/92040-1-300x300.png 300w, https:\/\/plastexim.md\/wp-content\/uploads\/2021\/10\/92040-1-150x150.png 150w, https:\/\/plastexim.md\/wp-content\/uploads\/2021\/10\/92040-1-230x230.png 230w, https:\/\/plastexim.md\/wp-content\/uploads\/2021\/10\/92040-1-400x400.png 400w\" sizes=\"(max-width: 512px) 100vw, 512px\" \/><\/figure><div class=\"elementor-image-box-content\"><div class=\"elementor-image-box-title\">Asamblare rapida<\/div><\/div><\/div>\t\t\t\t<\/div>\n\t\t\t\t<\/div>\n\t\t\t\t\t<\/div>\n\t\t<\/div>\n\t\t\t\t<div class=\"elementor-column elementor-col-25 elementor-top-column elementor-element elementor-element-51c9bd4\" data-id=\"51c9bd4\" data-element_type=\"column\" data-e-type=\"column\">\n\t\t\t<div class=\"elementor-widget-wrap elementor-element-populated\">\n\t\t\t\t\t\t<div class=\"elementor-element elementor-element-66f6358 elementor-position-left elementor-vertical-align-middle elementor-widget elementor-widget-image-box\" data-id=\"66f6358\" data-element_type=\"widget\" data-e-type=\"widget\" data-widget_type=\"image-box.default\">\n\t\t\t\t<div class=\"elementor-widget-container\">\n\t\t\t\t\t<div class=\"elementor-image-box-wrapper\"><figure class=\"elementor-image-box-img\"><img loading=\"lazy\" decoding=\"async\" width=\"639\" height=\"580\" src=\"https:\/\/plastexim.md\/wp-content\/uploads\/2021\/10\/noun_quality_628631.png\" class=\"attachment-full size-full wp-image-2460\" alt=\"\" srcset=\"https:\/\/plastexim.md\/wp-content\/uploads\/2021\/10\/noun_quality_628631.png 639w, https:\/\/plastexim.md\/wp-content\/uploads\/2021\/10\/noun_quality_628631-300x272.png 300w, https:\/\/plastexim.md\/wp-content\/uploads\/2021\/10\/noun_quality_628631-600x545.png 600w\" sizes=\"(max-width: 639px) 100vw, 639px\" \/><\/figure><div class=\"elementor-image-box-content\"><div class=\"elementor-image-box-title\">Garantia calit\u0103\u021bii<\/div><\/div><\/div>\t\t\t\t<\/div>\n\t\t\t\t<\/div>\n\t\t\t\t\t<\/div>\n\t\t<\/div>\n\t\t\t\t\t<\/div>\n\t\t<\/section>\n\t\t\t\t<\/div>\n\t\t","protected":false},"excerpt":{"rendered":"<p>FASADE SI VITRALII Geamuri de fa\u021bad\u0103 &#8211; ast\u0103zi este una dintre metodele moderne de vitrare, care v\u0103 permite s\u0103 \u00eembun\u0103t\u0103\u021bi\u021bi iluminarea interiorului unei cl\u0103diri, precum \u0219i s\u0103 \u00eei preda\u021bi un aspect modern. Cu ajutorul sistemelor de fa\u021bad\u0103, pute\u021bi proiecta o vitrin\u0103 extern\u0103 sau pur \u0219i simplu pute\u021bi \u00eenlocui sec\u021biunile incomode \u0219i masive ale ferestrelor din [&hellip;]<\/p>\n","protected":false},"author":1,"featured_media":0,"parent":3617,"menu_order":0,"comment_status":"closed","ping_status":"closed","template":"elementor_header_footer","meta":{"om_disable_all_campaigns":false,"footnotes":""},"class_list":["post-3634","page","type-page","status-publish","hentry"],"aioseo_notices":[],"_links":{"self":[{"href":"https:\/\/plastexim.md\/ro\/wp-json\/wp\/v2\/pages\/3634","targetHints":{"allow":["GET"]}}],"collection":[{"href":"https:\/\/plastexim.md\/ro\/wp-json\/wp\/v2\/pages"}],"about":[{"href":"https:\/\/plastexim.md\/ro\/wp-json\/wp\/v2\/types\/page"}],"author":[{"embeddable":true,"href":"https:\/\/plastexim.md\/ro\/wp-json\/wp\/v2\/users\/1"}],"replies":[{"embeddable":true,"href":"https:\/\/plastexim.md\/ro\/wp-json\/wp\/v2\/comments?post=3634"}],"version-history":[{"count":6,"href":"https:\/\/plastexim.md\/ro\/wp-json\/wp\/v2\/pages\/3634\/revisions"}],"predecessor-version":[{"id":4827,"href":"https:\/\/plastexim.md\/ro\/wp-json\/wp\/v2\/pages\/3634\/revisions\/4827"}],"up":[{"embeddable":true,"href":"https:\/\/plastexim.md\/ro\/wp-json\/wp\/v2\/pages\/3617"}],"wp:attachment":[{"href":"https:\/\/plastexim.md\/ro\/wp-json\/wp\/v2\/media?parent=3634"}],"curies":[{"name":"wp","href":"https:\/\/api.w.org\/{rel}","templated":true}]}}