{"id":3611,"date":"2021-12-17T12:04:01","date_gmt":"2021-12-17T09:04:01","guid":{"rendered":"https:\/\/plastexim.md\/?page_id=3611"},"modified":"2023-06-06T08:26:25","modified_gmt":"2023-06-06T05:26:25","slug":"gradini-de-iarna","status":"publish","type":"page","link":"https:\/\/plastexim.md\/ro\/produse-din-aluminiu\/gradini-de-iarna\/","title":{"rendered":"Gradini de iarna"},"content":{"rendered":"\t\t<div data-elementor-type=\"wp-page\" data-elementor-id=\"3611\" class=\"elementor elementor-3611\">\n\t\t\t\t\t\t<section class=\"elementor-section elementor-top-section elementor-element elementor-element-9bfda5e elementor-section-full_width elementor-section-height-default elementor-section-height-default\" data-id=\"9bfda5e\" data-element_type=\"section\" data-e-type=\"section\" data-settings=\"{&quot;background_background&quot;:&quot;classic&quot;}\">\n\t\t\t\t\t\t\t<div class=\"elementor-background-overlay\"><\/div>\n\t\t\t\t\t\t\t<div class=\"elementor-container elementor-column-gap-default\">\n\t\t\t\t\t<div class=\"elementor-column elementor-col-100 elementor-top-column elementor-element elementor-element-739c2c6\" data-id=\"739c2c6\" data-element_type=\"column\" data-e-type=\"column\">\n\t\t\t<div class=\"elementor-widget-wrap elementor-element-populated\">\n\t\t\t\t\t\t<div class=\"elementor-element elementor-element-032309d elementor-widget elementor-widget-heading\" data-id=\"032309d\" data-element_type=\"widget\" data-e-type=\"widget\" data-widget_type=\"heading.default\">\n\t\t\t\t<div class=\"elementor-widget-container\">\n\t\t\t\t\t<h1 class=\"elementor-heading-title elementor-size-default\">GRADINI DE IARNA<\/h1>\t\t\t\t<\/div>\n\t\t\t\t<\/div>\n\t\t\t\t<div class=\"elementor-element elementor-element-de88235 elementor-widget elementor-widget-text-editor\" data-id=\"de88235\" data-element_type=\"widget\" data-e-type=\"widget\" data-widget_type=\"text-editor.default\">\n\t\t\t\t<div class=\"elementor-widget-container\">\n\t\t\t\t\t\t\t\t\t<p>Gr\u0103dinile de iarn\u0103 c\u00e2\u0219tig\u0103 rapid popularitate; acum sunt folosite nu numai \u00een case private, ci \u0219i \u00een penthouse-uri, restaurante, hoteluri \u0219i multe alte spa\u021bii. Gradinile din aluminiu pot fi fie structuri de sine st\u0103t\u0103toare, fie ata\u0219ate incaperilor. Au diferite forme, f\u0103c\u00e2ndu-le perfecte pentru aproape orice camer\u0103. O gradina cu geam este un plus de lux pentru un conac de \u021bar\u0103, un restaurant, exteriorul unui centru comercial sau de afaceri \u0219i va servi ca o alternativ\u0103 excelent\u0103 unui balcon conven\u021bional.<\/p>\t\t\t\t\t\t\t\t<\/div>\n\t\t\t\t<\/div>\n\t\t\t\t\t<\/div>\n\t\t<\/div>\n\t\t\t\t\t<\/div>\n\t\t<\/section>\n\t\t\t\t<\/div>\n\t\t","protected":false},"excerpt":{"rendered":"<p>GRADINI DE IARNA Gr\u0103dinile de iarn\u0103 c\u00e2\u0219tig\u0103 rapid popularitate; acum sunt folosite nu numai \u00een case private, ci \u0219i \u00een penthouse-uri, restaurante, hoteluri \u0219i multe alte spa\u021bii. Gradinile din aluminiu pot fi fie structuri de sine st\u0103t\u0103toare, fie ata\u0219ate incaperilor. Au diferite forme, f\u0103c\u00e2ndu-le perfecte pentru aproape orice camer\u0103. O gradina cu geam este un [&hellip;]<\/p>\n","protected":false},"author":1,"featured_media":0,"parent":3551,"menu_order":0,"comment_status":"closed","ping_status":"closed","template":"elementor_header_footer","meta":{"om_disable_all_campaigns":false,"footnotes":""},"class_list":["post-3611","page","type-page","status-publish","hentry"],"aioseo_notices":[],"_links":{"self":[{"href":"https:\/\/plastexim.md\/ro\/wp-json\/wp\/v2\/pages\/3611","targetHints":{"allow":["GET"]}}],"collection":[{"href":"https:\/\/plastexim.md\/ro\/wp-json\/wp\/v2\/pages"}],"about":[{"href":"https:\/\/plastexim.md\/ro\/wp-json\/wp\/v2\/types\/page"}],"author":[{"embeddable":true,"href":"https:\/\/plastexim.md\/ro\/wp-json\/wp\/v2\/users\/1"}],"replies":[{"embeddable":true,"href":"https:\/\/plastexim.md\/ro\/wp-json\/wp\/v2\/comments?post=3611"}],"version-history":[{"count":3,"href":"https:\/\/plastexim.md\/ro\/wp-json\/wp\/v2\/pages\/3611\/revisions"}],"predecessor-version":[{"id":4610,"href":"https:\/\/plastexim.md\/ro\/wp-json\/wp\/v2\/pages\/3611\/revisions\/4610"}],"up":[{"embeddable":true,"href":"https:\/\/plastexim.md\/ro\/wp-json\/wp\/v2\/pages\/3551"}],"wp:attachment":[{"href":"https:\/\/plastexim.md\/ro\/wp-json\/wp\/v2\/media?parent=3611"}],"curies":[{"name":"wp","href":"https:\/\/api.w.org\/{rel}","templated":true}]}}