{"id":3599,"date":"2021-12-17T12:00:09","date_gmt":"2021-12-17T09:00:09","guid":{"rendered":"https:\/\/plastexim.md\/?page_id=3599"},"modified":"2023-06-06T08:27:34","modified_gmt":"2023-06-06T05:27:34","slug":"glisante-si-pliere","status":"publish","type":"page","link":"https:\/\/plastexim.md\/ro\/produse-din-aluminiu\/glisante-si-pliere\/","title":{"rendered":"Glisante \u0219i pliere"},"content":{"rendered":"\t\t<div data-elementor-type=\"wp-page\" data-elementor-id=\"3599\" class=\"elementor elementor-3599\">\n\t\t\t\t\t\t<section class=\"elementor-section elementor-top-section elementor-element elementor-element-7ce32dd elementor-section-full_width elementor-section-height-default elementor-section-height-default\" data-id=\"7ce32dd\" data-element_type=\"section\" data-e-type=\"section\" data-settings=\"{&quot;background_background&quot;:&quot;classic&quot;}\">\n\t\t\t\t\t\t\t<div class=\"elementor-background-overlay\"><\/div>\n\t\t\t\t\t\t\t<div class=\"elementor-container elementor-column-gap-default\">\n\t\t\t\t\t<div class=\"elementor-column elementor-col-100 elementor-top-column elementor-element elementor-element-8eaf6b3\" data-id=\"8eaf6b3\" data-element_type=\"column\" data-e-type=\"column\">\n\t\t\t<div class=\"elementor-widget-wrap elementor-element-populated\">\n\t\t\t\t\t\t<div class=\"elementor-element elementor-element-537be74 elementor-widget elementor-widget-heading\" data-id=\"537be74\" data-element_type=\"widget\" data-e-type=\"widget\" data-widget_type=\"heading.default\">\n\t\t\t\t<div class=\"elementor-widget-container\">\n\t\t\t\t\t<h1 class=\"elementor-heading-title elementor-size-default\">GLISANTE \u0218I PLIERE<\/h1>\t\t\t\t<\/div>\n\t\t\t\t<\/div>\n\t\t\t\t<div class=\"elementor-element elementor-element-78f92b4 elementor-widget elementor-widget-text-editor\" data-id=\"78f92b4\" data-element_type=\"widget\" data-e-type=\"widget\" data-widget_type=\"text-editor.default\">\n\t\t\t\t<div class=\"elementor-widget-container\">\n\t\t\t\t\t\t\t\t\t<p>Sistemul de deschidere al cercevei glisante economise\u0219te spa\u021biu. Contururile sigiliului asigur\u0103 etan\u0219eitatea, protej\u00e2nd spa\u021biile de umiditate, praf \u0219i zgomot. Sistemele cu pauz\u0103 termic\u0103 re\u021bin perfect c\u0103ldura \u00een sezonul rece \u0219i creeaz\u0103 ventila\u021bie \u00een timpul sezonului cald. furnitura de \u00eenalt\u0103 calitate permite utilizarea structurilor glisante pentru o lung\u0103 perioad\u0103 de timp f\u0103r\u0103 repara\u021bii \u0219i \u00eenlocuiri de componente.<\/p>\t\t\t\t\t\t\t\t<\/div>\n\t\t\t\t<\/div>\n\t\t\t\t\t<\/div>\n\t\t<\/div>\n\t\t\t\t\t<\/div>\n\t\t<\/section>\n\t\t\t\t<section class=\"elementor-section elementor-top-section elementor-element elementor-element-447d16ba elementor-section-boxed elementor-section-height-default elementor-section-height-default\" data-id=\"447d16ba\" data-element_type=\"section\" data-e-type=\"section\">\n\t\t\t\t\t\t<div class=\"elementor-container elementor-column-gap-default\">\n\t\t\t\t\t<div class=\"elementor-column elementor-col-100 elementor-top-column elementor-element elementor-element-2cf24329\" data-id=\"2cf24329\" data-element_type=\"column\" data-e-type=\"column\">\n\t\t\t<div class=\"elementor-widget-wrap\">\n\t\t\t\t\t\t\t<\/div>\n\t\t<\/div>\n\t\t\t\t\t<\/div>\n\t\t<\/section>\n\t\t\t\t<section class=\"elementor-section elementor-top-section elementor-element elementor-element-bbd432f elementor-section-boxed elementor-section-height-default elementor-section-height-default\" data-id=\"bbd432f\" data-element_type=\"section\" data-e-type=\"section\">\n\t\t\t\t\t\t<div class=\"elementor-container elementor-column-gap-default\">\n\t\t\t\t\t<div class=\"elementor-column elementor-col-25 elementor-top-column elementor-element elementor-element-b076c26\" data-id=\"b076c26\" data-element_type=\"column\" data-e-type=\"column\">\n\t\t\t<div class=\"elementor-widget-wrap elementor-element-populated\">\n\t\t\t\t\t\t<div class=\"elementor-element elementor-element-1d4e9c2 elementor-position-left elementor-vertical-align-middle elementor-widget elementor-widget-image-box\" data-id=\"1d4e9c2\" data-element_type=\"widget\" data-e-type=\"widget\" data-widget_type=\"image-box.default\">\n\t\t\t\t<div class=\"elementor-widget-container\">\n\t\t\t\t\t<div class=\"elementor-image-box-wrapper\"><figure class=\"elementor-image-box-img\"><img fetchpriority=\"high\" decoding=\"async\" width=\"500\" height=\"500\" src=\"https:\/\/plastexim.md\/wp-content\/uploads\/2021\/10\/size.png\" class=\"attachment-full size-full wp-image-2462\" alt=\"\" srcset=\"https:\/\/plastexim.md\/wp-content\/uploads\/2021\/10\/size.png 500w, https:\/\/plastexim.md\/wp-content\/uploads\/2021\/10\/size-300x300.png 300w, https:\/\/plastexim.md\/wp-content\/uploads\/2021\/10\/size-150x150.png 150w, https:\/\/plastexim.md\/wp-content\/uploads\/2021\/10\/size-230x230.png 230w, https:\/\/plastexim.md\/wp-content\/uploads\/2021\/10\/size-400x400.png 400w\" sizes=\"(max-width: 500px) 100vw, 500px\" \/><\/figure><div class=\"elementor-image-box-content\"><div class=\"elementor-image-box-title\">Masurare gratuita<\/div><\/div><\/div>\t\t\t\t<\/div>\n\t\t\t\t<\/div>\n\t\t\t\t\t<\/div>\n\t\t<\/div>\n\t\t\t\t<div class=\"elementor-column elementor-col-25 elementor-top-column elementor-element elementor-element-9b45126\" data-id=\"9b45126\" data-element_type=\"column\" data-e-type=\"column\">\n\t\t\t<div class=\"elementor-widget-wrap elementor-element-populated\">\n\t\t\t\t\t\t<div class=\"elementor-element elementor-element-afb6845 elementor-position-left elementor-vertical-align-middle elementor-widget elementor-widget-image-box\" data-id=\"afb6845\" data-element_type=\"widget\" data-e-type=\"widget\" data-widget_type=\"image-box.default\">\n\t\t\t\t<div class=\"elementor-widget-container\">\n\t\t\t\t\t<div class=\"elementor-image-box-wrapper\"><figure class=\"elementor-image-box-img\"><img decoding=\"async\" width=\"512\" height=\"512\" src=\"https:\/\/plastexim.md\/wp-content\/uploads\/2021\/10\/delivery.png\" class=\"attachment-full size-full wp-image-2459\" alt=\"\" srcset=\"https:\/\/plastexim.md\/wp-content\/uploads\/2021\/10\/delivery.png 512w, https:\/\/plastexim.md\/wp-content\/uploads\/2021\/10\/delivery-300x300.png 300w, https:\/\/plastexim.md\/wp-content\/uploads\/2021\/10\/delivery-150x150.png 150w, https:\/\/plastexim.md\/wp-content\/uploads\/2021\/10\/delivery-230x230.png 230w, https:\/\/plastexim.md\/wp-content\/uploads\/2021\/10\/delivery-400x400.png 400w\" sizes=\"(max-width: 512px) 100vw, 512px\" \/><\/figure><div class=\"elementor-image-box-content\"><div class=\"elementor-image-box-title\">Garantie la livrare<\/div><\/div><\/div>\t\t\t\t<\/div>\n\t\t\t\t<\/div>\n\t\t\t\t\t<\/div>\n\t\t<\/div>\n\t\t\t\t<div class=\"elementor-column elementor-col-25 elementor-top-column elementor-element elementor-element-3280d40\" data-id=\"3280d40\" data-element_type=\"column\" data-e-type=\"column\">\n\t\t\t<div class=\"elementor-widget-wrap elementor-element-populated\">\n\t\t\t\t\t\t<div class=\"elementor-element elementor-element-179ea71 elementor-position-left elementor-vertical-align-middle elementor-widget elementor-widget-image-box\" data-id=\"179ea71\" data-element_type=\"widget\" data-e-type=\"widget\" data-widget_type=\"image-box.default\">\n\t\t\t\t<div class=\"elementor-widget-container\">\n\t\t\t\t\t<div class=\"elementor-image-box-wrapper\"><figure class=\"elementor-image-box-img\"><img decoding=\"async\" width=\"512\" height=\"512\" src=\"https:\/\/plastexim.md\/wp-content\/uploads\/2021\/10\/92040-1.png\" class=\"attachment-full size-full wp-image-2458\" alt=\"\" srcset=\"https:\/\/plastexim.md\/wp-content\/uploads\/2021\/10\/92040-1.png 512w, https:\/\/plastexim.md\/wp-content\/uploads\/2021\/10\/92040-1-300x300.png 300w, https:\/\/plastexim.md\/wp-content\/uploads\/2021\/10\/92040-1-150x150.png 150w, https:\/\/plastexim.md\/wp-content\/uploads\/2021\/10\/92040-1-230x230.png 230w, https:\/\/plastexim.md\/wp-content\/uploads\/2021\/10\/92040-1-400x400.png 400w\" sizes=\"(max-width: 512px) 100vw, 512px\" \/><\/figure><div class=\"elementor-image-box-content\"><div class=\"elementor-image-box-title\">Asamblare rapida<\/div><\/div><\/div>\t\t\t\t<\/div>\n\t\t\t\t<\/div>\n\t\t\t\t\t<\/div>\n\t\t<\/div>\n\t\t\t\t<div class=\"elementor-column elementor-col-25 elementor-top-column elementor-element elementor-element-2ff8b01\" data-id=\"2ff8b01\" data-element_type=\"column\" data-e-type=\"column\">\n\t\t\t<div class=\"elementor-widget-wrap elementor-element-populated\">\n\t\t\t\t\t\t<div class=\"elementor-element elementor-element-8402fb7 elementor-position-left elementor-vertical-align-middle elementor-widget elementor-widget-image-box\" data-id=\"8402fb7\" data-element_type=\"widget\" data-e-type=\"widget\" data-widget_type=\"image-box.default\">\n\t\t\t\t<div class=\"elementor-widget-container\">\n\t\t\t\t\t<div class=\"elementor-image-box-wrapper\"><figure class=\"elementor-image-box-img\"><img loading=\"lazy\" decoding=\"async\" width=\"639\" height=\"580\" src=\"https:\/\/plastexim.md\/wp-content\/uploads\/2021\/10\/noun_quality_628631.png\" class=\"attachment-full size-full wp-image-2460\" alt=\"\" srcset=\"https:\/\/plastexim.md\/wp-content\/uploads\/2021\/10\/noun_quality_628631.png 639w, https:\/\/plastexim.md\/wp-content\/uploads\/2021\/10\/noun_quality_628631-300x272.png 300w, https:\/\/plastexim.md\/wp-content\/uploads\/2021\/10\/noun_quality_628631-600x545.png 600w\" sizes=\"(max-width: 639px) 100vw, 639px\" \/><\/figure><div class=\"elementor-image-box-content\"><div class=\"elementor-image-box-title\">Garantia calit\u0103\u021bii<\/div><\/div><\/div>\t\t\t\t<\/div>\n\t\t\t\t<\/div>\n\t\t\t\t\t<\/div>\n\t\t<\/div>\n\t\t\t\t\t<\/div>\n\t\t<\/section>\n\t\t\t\t<\/div>\n\t\t","protected":false},"excerpt":{"rendered":"<p>GLISANTE \u0218I PLIERE Sistemul de deschidere al cercevei glisante economise\u0219te spa\u021biu. Contururile sigiliului asigur\u0103 etan\u0219eitatea, protej\u00e2nd spa\u021biile de umiditate, praf \u0219i zgomot. Sistemele cu pauz\u0103 termic\u0103 re\u021bin perfect c\u0103ldura \u00een sezonul rece \u0219i creeaz\u0103 ventila\u021bie \u00een timpul sezonului cald. furnitura de \u00eenalt\u0103 calitate permite utilizarea structurilor glisante pentru o lung\u0103 perioad\u0103 de timp f\u0103r\u0103 repara\u021bii [&hellip;]<\/p>\n","protected":false},"author":1,"featured_media":0,"parent":3551,"menu_order":0,"comment_status":"closed","ping_status":"closed","template":"elementor_header_footer","meta":{"om_disable_all_campaigns":false,"footnotes":""},"class_list":["post-3599","page","type-page","status-publish","hentry"],"aioseo_notices":[],"_links":{"self":[{"href":"https:\/\/plastexim.md\/ro\/wp-json\/wp\/v2\/pages\/3599","targetHints":{"allow":["GET"]}}],"collection":[{"href":"https:\/\/plastexim.md\/ro\/wp-json\/wp\/v2\/pages"}],"about":[{"href":"https:\/\/plastexim.md\/ro\/wp-json\/wp\/v2\/types\/page"}],"author":[{"embeddable":true,"href":"https:\/\/plastexim.md\/ro\/wp-json\/wp\/v2\/users\/1"}],"replies":[{"embeddable":true,"href":"https:\/\/plastexim.md\/ro\/wp-json\/wp\/v2\/comments?post=3599"}],"version-history":[{"count":3,"href":"https:\/\/plastexim.md\/ro\/wp-json\/wp\/v2\/pages\/3599\/revisions"}],"predecessor-version":[{"id":4613,"href":"https:\/\/plastexim.md\/ro\/wp-json\/wp\/v2\/pages\/3599\/revisions\/4613"}],"up":[{"embeddable":true,"href":"https:\/\/plastexim.md\/ro\/wp-json\/wp\/v2\/pages\/3551"}],"wp:attachment":[{"href":"https:\/\/plastexim.md\/ro\/wp-json\/wp\/v2\/media?parent=3599"}],"curies":[{"name":"wp","href":"https:\/\/api.w.org\/{rel}","templated":true}]}}