{"id":3571,"date":"2021-12-17T11:22:15","date_gmt":"2021-12-17T08:22:15","guid":{"rendered":"https:\/\/plastexim.md\/?page_id=3571"},"modified":"2023-06-06T08:29:17","modified_gmt":"2023-06-06T05:29:17","slug":"usi","status":"publish","type":"page","link":"https:\/\/plastexim.md\/ro\/produse-din-aluminiu\/usi\/","title":{"rendered":"Usi"},"content":{"rendered":"\t\t<div data-elementor-type=\"wp-page\" data-elementor-id=\"3571\" class=\"elementor elementor-3571\">\n\t\t\t\t\t\t<section class=\"elementor-section elementor-top-section elementor-element elementor-element-b8470d4 elementor-section-full_width elementor-section-height-default elementor-section-height-default\" data-id=\"b8470d4\" data-element_type=\"section\" data-e-type=\"section\" data-settings=\"{&quot;background_background&quot;:&quot;classic&quot;}\">\n\t\t\t\t\t\t\t<div class=\"elementor-background-overlay\"><\/div>\n\t\t\t\t\t\t\t<div class=\"elementor-container elementor-column-gap-default\">\n\t\t\t\t\t<div class=\"elementor-column elementor-col-100 elementor-top-column elementor-element elementor-element-d25cb12\" data-id=\"d25cb12\" data-element_type=\"column\" data-e-type=\"column\">\n\t\t\t<div class=\"elementor-widget-wrap elementor-element-populated\">\n\t\t\t\t\t\t<div class=\"elementor-element elementor-element-954977f elementor-widget elementor-widget-heading\" data-id=\"954977f\" data-element_type=\"widget\" data-e-type=\"widget\" data-widget_type=\"heading.default\">\n\t\t\t\t<div class=\"elementor-widget-container\">\n\t\t\t\t\t<h1 class=\"elementor-heading-title elementor-size-default\">USI<\/h1>\t\t\t\t<\/div>\n\t\t\t\t<\/div>\n\t\t\t\t<div class=\"elementor-element elementor-element-621d7c4 elementor-widget elementor-widget-text-editor\" data-id=\"621d7c4\" data-element_type=\"widget\" data-e-type=\"widget\" data-widget_type=\"text-editor.default\">\n\t\t\t\t<div class=\"elementor-widget-container\">\n\t\t\t\t\t\t\t\t\t<p>U\u0219i din aluminiu: mai rezistente dec\u00e2t omologii din plastic sau lemn, nu se tem de coroziune, rezistente la deteriorare \u0219i influen\u021ba mediului exterior, fiind \u00een acela\u0219i timp destul de u\u0219oare. Sunt proiectate pentru sarcini mari \u0219i opera\u021biuni intensive Sistemele cu izolatie termica \u00a0au si o bun\u0103 izolare fonic\u0103. Produsele pot fi de orice form\u0103, culoare, dimensiune, ceea ce permite s\u0103 implementam orice dorinta.<\/p>\t\t\t\t\t\t\t\t<\/div>\n\t\t\t\t<\/div>\n\t\t\t\t\t<\/div>\n\t\t<\/div>\n\t\t\t\t\t<\/div>\n\t\t<\/section>\n\t\t\t\t<section class=\"elementor-section elementor-top-section elementor-element elementor-element-ee18e3b elementor-section-boxed elementor-section-height-default elementor-section-height-default\" data-id=\"ee18e3b\" data-element_type=\"section\" data-e-type=\"section\">\n\t\t\t\t\t\t<div class=\"elementor-container elementor-column-gap-default\">\n\t\t\t\t\t<div class=\"elementor-column elementor-col-100 elementor-top-column elementor-element elementor-element-6a3565d2\" data-id=\"6a3565d2\" data-element_type=\"column\" data-e-type=\"column\">\n\t\t\t<div class=\"elementor-widget-wrap\">\n\t\t\t\t\t\t\t<\/div>\n\t\t<\/div>\n\t\t\t\t\t<\/div>\n\t\t<\/section>\n\t\t\t\t<section class=\"elementor-section elementor-top-section elementor-element elementor-element-916991a elementor-section-boxed elementor-section-height-default elementor-section-height-default\" data-id=\"916991a\" data-element_type=\"section\" data-e-type=\"section\">\n\t\t\t\t\t\t<div class=\"elementor-container elementor-column-gap-default\">\n\t\t\t\t\t<div class=\"elementor-column elementor-col-25 elementor-top-column elementor-element elementor-element-29a2c67\" data-id=\"29a2c67\" data-element_type=\"column\" data-e-type=\"column\">\n\t\t\t<div class=\"elementor-widget-wrap elementor-element-populated\">\n\t\t\t\t\t\t<div class=\"elementor-element elementor-element-d69d6ed elementor-position-left elementor-vertical-align-middle elementor-widget elementor-widget-image-box\" data-id=\"d69d6ed\" data-element_type=\"widget\" data-e-type=\"widget\" data-widget_type=\"image-box.default\">\n\t\t\t\t<div class=\"elementor-widget-container\">\n\t\t\t\t\t<div class=\"elementor-image-box-wrapper\"><figure class=\"elementor-image-box-img\"><img fetchpriority=\"high\" decoding=\"async\" width=\"500\" height=\"500\" src=\"https:\/\/plastexim.md\/wp-content\/uploads\/2021\/10\/size.png\" class=\"attachment-full size-full wp-image-2462\" alt=\"\" srcset=\"https:\/\/plastexim.md\/wp-content\/uploads\/2021\/10\/size.png 500w, https:\/\/plastexim.md\/wp-content\/uploads\/2021\/10\/size-300x300.png 300w, https:\/\/plastexim.md\/wp-content\/uploads\/2021\/10\/size-150x150.png 150w, https:\/\/plastexim.md\/wp-content\/uploads\/2021\/10\/size-230x230.png 230w, https:\/\/plastexim.md\/wp-content\/uploads\/2021\/10\/size-400x400.png 400w\" sizes=\"(max-width: 500px) 100vw, 500px\" \/><\/figure><div class=\"elementor-image-box-content\"><div class=\"elementor-image-box-title\">Masurare gratuita<\/div><\/div><\/div>\t\t\t\t<\/div>\n\t\t\t\t<\/div>\n\t\t\t\t\t<\/div>\n\t\t<\/div>\n\t\t\t\t<div class=\"elementor-column elementor-col-25 elementor-top-column elementor-element elementor-element-f8f45e0\" data-id=\"f8f45e0\" data-element_type=\"column\" data-e-type=\"column\">\n\t\t\t<div class=\"elementor-widget-wrap elementor-element-populated\">\n\t\t\t\t\t\t<div class=\"elementor-element elementor-element-24e8f61 elementor-position-left elementor-vertical-align-middle elementor-widget elementor-widget-image-box\" data-id=\"24e8f61\" data-element_type=\"widget\" data-e-type=\"widget\" data-widget_type=\"image-box.default\">\n\t\t\t\t<div class=\"elementor-widget-container\">\n\t\t\t\t\t<div class=\"elementor-image-box-wrapper\"><figure class=\"elementor-image-box-img\"><img decoding=\"async\" width=\"512\" height=\"512\" src=\"https:\/\/plastexim.md\/wp-content\/uploads\/2021\/10\/delivery.png\" class=\"attachment-full size-full wp-image-2459\" alt=\"\" srcset=\"https:\/\/plastexim.md\/wp-content\/uploads\/2021\/10\/delivery.png 512w, https:\/\/plastexim.md\/wp-content\/uploads\/2021\/10\/delivery-300x300.png 300w, https:\/\/plastexim.md\/wp-content\/uploads\/2021\/10\/delivery-150x150.png 150w, https:\/\/plastexim.md\/wp-content\/uploads\/2021\/10\/delivery-230x230.png 230w, https:\/\/plastexim.md\/wp-content\/uploads\/2021\/10\/delivery-400x400.png 400w\" sizes=\"(max-width: 512px) 100vw, 512px\" \/><\/figure><div class=\"elementor-image-box-content\"><div class=\"elementor-image-box-title\">Garantie la livrare<\/div><\/div><\/div>\t\t\t\t<\/div>\n\t\t\t\t<\/div>\n\t\t\t\t\t<\/div>\n\t\t<\/div>\n\t\t\t\t<div class=\"elementor-column elementor-col-25 elementor-top-column elementor-element elementor-element-69b5076\" data-id=\"69b5076\" data-element_type=\"column\" data-e-type=\"column\">\n\t\t\t<div class=\"elementor-widget-wrap elementor-element-populated\">\n\t\t\t\t\t\t<div class=\"elementor-element elementor-element-d957552 elementor-position-left elementor-vertical-align-middle elementor-widget elementor-widget-image-box\" data-id=\"d957552\" data-element_type=\"widget\" data-e-type=\"widget\" data-widget_type=\"image-box.default\">\n\t\t\t\t<div class=\"elementor-widget-container\">\n\t\t\t\t\t<div class=\"elementor-image-box-wrapper\"><figure class=\"elementor-image-box-img\"><img decoding=\"async\" width=\"512\" height=\"512\" src=\"https:\/\/plastexim.md\/wp-content\/uploads\/2021\/10\/92040-1.png\" class=\"attachment-full size-full wp-image-2458\" alt=\"\" srcset=\"https:\/\/plastexim.md\/wp-content\/uploads\/2021\/10\/92040-1.png 512w, https:\/\/plastexim.md\/wp-content\/uploads\/2021\/10\/92040-1-300x300.png 300w, https:\/\/plastexim.md\/wp-content\/uploads\/2021\/10\/92040-1-150x150.png 150w, https:\/\/plastexim.md\/wp-content\/uploads\/2021\/10\/92040-1-230x230.png 230w, https:\/\/plastexim.md\/wp-content\/uploads\/2021\/10\/92040-1-400x400.png 400w\" sizes=\"(max-width: 512px) 100vw, 512px\" \/><\/figure><div class=\"elementor-image-box-content\"><div class=\"elementor-image-box-title\">Asamblare rapida<\/div><\/div><\/div>\t\t\t\t<\/div>\n\t\t\t\t<\/div>\n\t\t\t\t\t<\/div>\n\t\t<\/div>\n\t\t\t\t<div class=\"elementor-column elementor-col-25 elementor-top-column elementor-element elementor-element-a88ca23\" data-id=\"a88ca23\" data-element_type=\"column\" data-e-type=\"column\">\n\t\t\t<div class=\"elementor-widget-wrap elementor-element-populated\">\n\t\t\t\t\t\t<div class=\"elementor-element elementor-element-37c6468 elementor-position-left elementor-vertical-align-middle elementor-widget elementor-widget-image-box\" data-id=\"37c6468\" data-element_type=\"widget\" data-e-type=\"widget\" data-widget_type=\"image-box.default\">\n\t\t\t\t<div class=\"elementor-widget-container\">\n\t\t\t\t\t<div class=\"elementor-image-box-wrapper\"><figure class=\"elementor-image-box-img\"><img loading=\"lazy\" decoding=\"async\" width=\"639\" height=\"580\" src=\"https:\/\/plastexim.md\/wp-content\/uploads\/2021\/10\/noun_quality_628631.png\" class=\"attachment-full size-full wp-image-2460\" alt=\"\" srcset=\"https:\/\/plastexim.md\/wp-content\/uploads\/2021\/10\/noun_quality_628631.png 639w, https:\/\/plastexim.md\/wp-content\/uploads\/2021\/10\/noun_quality_628631-300x272.png 300w, https:\/\/plastexim.md\/wp-content\/uploads\/2021\/10\/noun_quality_628631-600x545.png 600w\" sizes=\"(max-width: 639px) 100vw, 639px\" \/><\/figure><div class=\"elementor-image-box-content\"><div class=\"elementor-image-box-title\">Garantia calit\u0103\u021bii<\/div><\/div><\/div>\t\t\t\t<\/div>\n\t\t\t\t<\/div>\n\t\t\t\t\t<\/div>\n\t\t<\/div>\n\t\t\t\t\t<\/div>\n\t\t<\/section>\n\t\t\t\t<\/div>\n\t\t","protected":false},"excerpt":{"rendered":"<p>USI U\u0219i din aluminiu: mai rezistente dec\u00e2t omologii din plastic sau lemn, nu se tem de coroziune, rezistente la deteriorare \u0219i influen\u021ba mediului exterior, fiind \u00een acela\u0219i timp destul de u\u0219oare. Sunt proiectate pentru sarcini mari \u0219i opera\u021biuni intensive Sistemele cu izolatie termica \u00a0au si o bun\u0103 izolare fonic\u0103. Produsele pot fi de orice form\u0103, [&hellip;]<\/p>\n","protected":false},"author":1,"featured_media":0,"parent":3551,"menu_order":0,"comment_status":"closed","ping_status":"closed","template":"elementor_header_footer","meta":{"om_disable_all_campaigns":false,"footnotes":""},"class_list":["post-3571","page","type-page","status-publish","hentry"],"aioseo_notices":[],"_links":{"self":[{"href":"https:\/\/plastexim.md\/ro\/wp-json\/wp\/v2\/pages\/3571","targetHints":{"allow":["GET"]}}],"collection":[{"href":"https:\/\/plastexim.md\/ro\/wp-json\/wp\/v2\/pages"}],"about":[{"href":"https:\/\/plastexim.md\/ro\/wp-json\/wp\/v2\/types\/page"}],"author":[{"embeddable":true,"href":"https:\/\/plastexim.md\/ro\/wp-json\/wp\/v2\/users\/1"}],"replies":[{"embeddable":true,"href":"https:\/\/plastexim.md\/ro\/wp-json\/wp\/v2\/comments?post=3571"}],"version-history":[{"count":3,"href":"https:\/\/plastexim.md\/ro\/wp-json\/wp\/v2\/pages\/3571\/revisions"}],"predecessor-version":[{"id":4616,"href":"https:\/\/plastexim.md\/ro\/wp-json\/wp\/v2\/pages\/3571\/revisions\/4616"}],"up":[{"embeddable":true,"href":"https:\/\/plastexim.md\/ro\/wp-json\/wp\/v2\/pages\/3551"}],"wp:attachment":[{"href":"https:\/\/plastexim.md\/ro\/wp-json\/wp\/v2\/media?parent=3571"}],"curies":[{"name":"wp","href":"https:\/\/api.w.org\/{rel}","templated":true}]}}